{"id":201,"date":"2016-02-05T11:39:38","date_gmt":"2016-02-05T11:39:38","guid":{"rendered":"http:\/\/abdruk.home.pl\/autoinstalator\/wordpress\/?page_id=201"},"modified":"2024-06-20T11:32:58","modified_gmt":"2024-06-20T11:32:58","slug":"wykrojniki-do-pobrania","status":"publish","type":"page","link":"https:\/\/abdruk.home.pl\/autoinstalator\/wordpress\/?page_id=201","title":{"rendered":"Wykrojniki do pobrania"},"content":{"rendered":"<p><span class=\"Apple-style-span\"><a href=\"https:\/\/abdruk.home.pl\/autoinstalator\/wordpress\/wp-content\/uploads\/2016\/02\/Teczka-1-zapinana-grzbiet-5-mm.pdf\" target=\"_blank\" rel=\"noopener\">Teczka 1 zapinana, grzbiet 5 mm<\/a><\/span><\/p>\n<p><span class=\"Apple-style-span\"><a href=\"https:\/\/abdruk.home.pl\/autoinstalator\/wordpress\/wp-content\/uploads\/2016\/02\/Teczka-2-zapinana-grzbiet-5-mm.pdf\" target=\"_blank\" rel=\"noopener\">Teczka 2 zapinana, grzbiet 5 mm<\/a><\/span><\/p>\n<p><span class=\"Apple-style-span\"><a href=\"https:\/\/abdruk.home.pl\/autoinstalator\/wordpress\/wp-content\/uploads\/2016\/02\/Teczka-3-zapinana-bez-grzbietu.pdf\" target=\"_blank\" rel=\"noopener\">Teczka 3 zapinana, bez grzbietu<\/a><\/span><\/p>\n<p><a href=\"https:\/\/abdruk.home.pl\/autoinstalator\/wordpress\/wp-content\/uploads\/2022\/02\/teczka-4-do-druku-cyfrowego.pdf\" target=\"_blank\" rel=\"noopener\">Teczka 4 do druku cyfrowego<\/a><\/p>\n<p><a href=\"https:\/\/abdruk.home.pl\/autoinstalator\/wordpress\/wp-content\/uploads\/2024\/06\/teczka-5-zapinana-grzbiet-7-mm.pdf\">Teczka 5 zapinana, grzbiet 7 mm<\/a><\/p>\n<p><a href=\"https:\/\/abdruk.home.pl\/autoinstalator\/wordpress\/wp-content\/uploads\/2022\/02\/pudelko-na-wino.pdf\" target=\"_blank\" rel=\"noopener\">Pude\u0142ko na wino<\/a><\/p>\n<p><span class=\"Apple-style-span\"><a href=\"https:\/\/abdruk.home.pl\/autoinstalator\/wordpress\/wp-content\/uploads\/2016\/02\/Obwoluta-na-p\u0142yt\u0119-CD.pdf\" target=\"_blank\" rel=\"noopener\">Obwoluta na p\u0142yt\u0119 CD<\/a><\/span><\/p>\n\n\n<p><\/p>\n","protected":false},"excerpt":{"rendered":"<p>Teczka 1 zapinana, grzbiet 5 mm Teczka 2 zapinana, grzbiet 5 mm Teczka 3 zapinana, bez grzbietu Teczka 4 do druku cyfrowego Teczka 5 zapinana, grzbiet 7 mm Pude\u0142ko na wino Obwoluta na p\u0142yt\u0119 CD<\/p>\n","protected":false},"author":1,"featured_media":0,"parent":0,"menu_order":0,"comment_status":"closed","ping_status":"closed","template":"","meta":{"footnotes":""},"class_list":["post-201","page","type-page","status-publish","hentry"],"_links":{"self":[{"href":"https:\/\/abdruk.home.pl\/autoinstalator\/wordpress\/index.php?rest_route=\/wp\/v2\/pages\/201","targetHints":{"allow":["GET"]}}],"collection":[{"href":"https:\/\/abdruk.home.pl\/autoinstalator\/wordpress\/index.php?rest_route=\/wp\/v2\/pages"}],"about":[{"href":"https:\/\/abdruk.home.pl\/autoinstalator\/wordpress\/index.php?rest_route=\/wp\/v2\/types\/page"}],"author":[{"embeddable":true,"href":"https:\/\/abdruk.home.pl\/autoinstalator\/wordpress\/index.php?rest_route=\/wp\/v2\/users\/1"}],"replies":[{"embeddable":true,"href":"https:\/\/abdruk.home.pl\/autoinstalator\/wordpress\/index.php?rest_route=%2Fwp%2Fv2%2Fcomments&post=201"}],"version-history":[{"count":8,"href":"https:\/\/abdruk.home.pl\/autoinstalator\/wordpress\/index.php?rest_route=\/wp\/v2\/pages\/201\/revisions"}],"predecessor-version":[{"id":739,"href":"https:\/\/abdruk.home.pl\/autoinstalator\/wordpress\/index.php?rest_route=\/wp\/v2\/pages\/201\/revisions\/739"}],"wp:attachment":[{"href":"https:\/\/abdruk.home.pl\/autoinstalator\/wordpress\/index.php?rest_route=%2Fwp%2Fv2%2Fmedia&parent=201"}],"curies":[{"name":"wp","href":"https:\/\/api.w.org\/{rel}","templated":true}]}}